{"id":1449,"date":"2020-04-30T10:53:51","date_gmt":"2020-04-30T10:53:51","guid":{"rendered":"https:\/\/rasajana.lv\/?page_id=1449"},"modified":"2025-10-23T10:00:39","modified_gmt":"2025-10-23T10:00:39","slug":"contacts","status":"publish","type":"page","link":"https:\/\/rasajana.lv\/en\/kontakti\/","title":{"rendered":"Contacts"},"content":{"rendered":"<div data-elementor-type=\"wp-page\" data-elementor-id=\"1449\" class=\"elementor elementor-1449\" data-elementor-post-type=\"page\">\n\t\t\t\t\t\t<section class=\"elementor-section elementor-top-section elementor-element elementor-element-11353a9 elementor-section-stretched scheme_default elementor-section-boxed elementor-section-height-default elementor-section-height-default sc_fly_static\" data-id=\"11353a9\" data-element_type=\"section\" data-settings=\"{&quot;stretch_section&quot;:&quot;section-stretched&quot;,&quot;background_background&quot;:&quot;classic&quot;}\">\n\t\t\t\t\t\t<div class=\"elementor-container elementor-column-gap-extended\">\n\t\t\t\t\t<div class=\"elementor-column elementor-col-100 elementor-top-column elementor-element elementor-element-788bf4e sc_content_align_inherit sc_layouts_column_icons_position_left sc_fly_static\" data-id=\"788bf4e\" data-element_type=\"column\">\n\t\t\t<div class=\"elementor-widget-wrap elementor-element-populated\">\n\t\t\t\t\t\t<div class=\"elementor-element elementor-element-2d6565b sc_height_huge sc_fly_static elementor-widget elementor-widget-spacer\" data-id=\"2d6565b\" data-element_type=\"widget\" data-widget_type=\"spacer.default\">\n\t\t\t\t<div class=\"elementor-widget-container\">\n\t\t\t\t\t\t\t<div class=\"elementor-spacer\">\n\t\t\t<div class=\"elementor-spacer-inner\"><\/div>\n\t\t<\/div>\n\t\t\t\t\t\t<\/div>\n\t\t\t\t<\/div>\n\t\t\t\t<section class=\"elementor-section elementor-inner-section elementor-element elementor-element-068dff9 elementor-section-boxed elementor-section-height-default elementor-section-height-default sc_fly_static\" data-id=\"068dff9\" data-element_type=\"section\">\n\t\t\t\t\t\t<div class=\"elementor-container elementor-column-gap-no\">\n\t\t\t\t\t<div class=\"elementor-column elementor-col-100 elementor-inner-column elementor-element elementor-element-fdb4a42 sc_content_align_inherit sc_layouts_column_icons_position_left sc_fly_static\" data-id=\"fdb4a42\" data-element_type=\"column\">\n\t\t\t<div class=\"elementor-widget-wrap elementor-element-populated\">\n\t\t\t\t\t\t<div class=\"elementor-element elementor-element-2c7ad9e scheme_dark sc_fly_static elementor-widget elementor-widget-trx_sc_icons\" data-id=\"2c7ad9e\" data-element_type=\"widget\" data-widget_type=\"trx_sc_icons.default\">\n\t\t\t\t<div class=\"elementor-widget-container\">\n\t\t\t\t\t<div \tclass=\"sc_icons scheme_dark sc_icons_extra sc_icons_size_medium sc_align_center\" ><div class=\"sc_icons_columns_wrap sc_item_columns trx_addons_columns_wrap columns_padding_bottom columns_in_single_row\" ><div class=\"trx_addons_column-1_3\"><div class=\"sc_icons_item with_more\"><div class=\"sc_icons_icon sc_icon_type_ icon-lotion\" ><span class=\"sc_icon_type_ icon-lotion\"><\/span><\/div><div class=\"sc_icons_item_details\"><h4 class=\"sc_icons_item_title\"><span>About us<\/span><\/h4><div class=\"sc_icons_item_description\"><span>We operate in Riga and offer a holistic path to recovery and strengthening of the body through Ayurvedic practices, massages, panchakarma, hirudotherapy and gong meditations.<\/span><\/div><\/div><\/div><\/div><div class=\"trx_addons_column-1_3\"><div class=\"sc_icons_item\"><div class=\"sc_icons_icon sc_icon_type_ icon-towel\" ><span class=\"sc_icon_type_ icon-towel\"><\/span><\/div><div class=\"sc_icons_item_details\"><h4 class=\"sc_icons_item_title\"><span>Working hours<\/span><\/h4><div class=\"sc_icons_item_description\"><span>Monday - Friday: 10:00 - 20:00<\/span><span>Saturday: 10:00 a.m. - 4:00 p.m.<\/span><span>Sunday: Closed<\/span><\/div><\/div><\/div><\/div><div class=\"trx_addons_column-1_3\"><div class=\"sc_icons_item\"><div class=\"sc_icons_icon sc_icon_type_ icon-candle\" ><span class=\"sc_icon_type_ icon-candle\"><\/span><\/div><div class=\"sc_icons_item_details\"><h4 class=\"sc_icons_item_title\"><span>Contacts<\/span><\/h4><div class=\"sc_icons_item_description\"><span>Address: <a href=\"https:\/\/www.google.com\/maps\/place\/\/data=!4m2!3m1!1s0x46eecf9709bec62b:0xc61529ed8a1a65f?sa=X&amp;ved=1t:8290&amp;ictx=111\" target=\"_blank\" rel=\"noopener\">Studio Rasajana, Keguma street 50, Riga<\/a><\/span><span>Email: <a href=\"mailto:info@rasajana.lv\"> info@rasajana.lv<\/a><\/span><span>Telephone: <a href=\"tel:37126416124\">+371 26 416 124<\/a><\/span><\/div><\/div><\/div><\/div><\/div><\/div><!-- \/.sc_icons -->\t\t\t\t<\/div>\n\t\t\t\t<\/div>\n\t\t\t\t\t<\/div>\n\t\t<\/div>\n\t\t\t\t\t<\/div>\n\t\t<\/section>\n\t\t\t\t<div class=\"elementor-element elementor-element-c490238 sc_height_huge sc_fly_static elementor-widget elementor-widget-spacer\" data-id=\"c490238\" data-element_type=\"widget\" data-widget_type=\"spacer.default\">\n\t\t\t\t<div class=\"elementor-widget-container\">\n\t\t\t\t\t\t\t<div class=\"elementor-spacer\">\n\t\t\t<div class=\"elementor-spacer-inner\"><\/div>\n\t\t<\/div>\n\t\t\t\t\t\t<\/div>\n\t\t\t\t<\/div>\n\t\t\t\t\t<\/div>\n\t\t<\/div>\n\t\t\t\t\t<\/div>\n\t\t<\/section>\n\t\t\t\t<section class=\"elementor-section elementor-top-section elementor-element elementor-element-167462d elementor-section-stretched elementor-section-full_width elementor-section-content-middle elementor-section-height-default elementor-section-height-default sc_fly_static\" data-id=\"167462d\" data-element_type=\"section\" data-settings=\"{&quot;stretch_section&quot;:&quot;section-stretched&quot;,&quot;background_background&quot;:&quot;classic&quot;}\">\n\t\t\t\t\t\t<div class=\"elementor-container elementor-column-gap-no\">\n\t\t\t\t\t<div class=\"elementor-column elementor-col-50 elementor-top-column elementor-element elementor-element-841daf8 sc_content_align_inherit sc_layouts_column_icons_position_left sc_fly_static\" data-id=\"841daf8\" data-element_type=\"column\">\n\t\t\t<div class=\"elementor-widget-wrap elementor-element-populated\">\n\t\t\t\t\t\t<div class=\"elementor-element elementor-element-6c5c323 sc_layouts_hide_on_tablet sc_layouts_hide_on_mobile sc_fly_static elementor-widget elementor-widget-google_maps\" data-id=\"6c5c323\" data-element_type=\"widget\" data-widget_type=\"google_maps.default\">\n\t\t\t\t<div class=\"elementor-widget-container\">\n\t\t\t\t\t\t\t<div class=\"elementor-custom-embed\">\n\t\t\t<iframe loading=\"lazy\"\n\t\t\t\t\tsrc=\"https:\/\/maps.google.com\/maps?q=%C4%B6eguma%20iela%2050%2C%20Vidzemes%20priek%C5%A1pils%C4%93ta%2C%20R%C4%ABga%2C%20LV-1039&#038;t=m&#038;z=13&#038;output=embed&#038;iwloc=near\"\n\t\t\t\t\ttitle=\"\u0136eguma iela 50, Vidzemes priek\u0161pils\u0113ta, Riga, LV-1039\"\n\t\t\t\t\taria-label=\"\u0136eguma iela 50, Vidzemes priek\u0161pils\u0113ta, Riga, LV-1039\"\n\t\t\t><\/iframe>\n\t\t<\/div>\n\t\t\t\t\t\t<\/div>\n\t\t\t\t<\/div>\n\t\t\t\t<div class=\"elementor-element elementor-element-8adcc00 sc_layouts_hide_on_wide sc_layouts_hide_on_desktop sc_layouts_hide_on_notebook sc_fly_static elementor-widget elementor-widget-google_maps\" data-id=\"8adcc00\" data-element_type=\"widget\" data-widget_type=\"google_maps.default\">\n\t\t\t\t<div class=\"elementor-widget-container\">\n\t\t\t\t\t\t\t<div class=\"elementor-custom-embed\">\n\t\t\t<iframe loading=\"lazy\"\n\t\t\t\t\tsrc=\"https:\/\/maps.google.com\/maps?q=%C4%B6eguma%20iela%2050%2C%20Vidzemes%20priek%C5%A1pils%C4%93ta%2C%20R%C4%ABga%2C%20LV-1039&#038;t=m&#038;z=13&#038;output=embed&#038;iwloc=near\"\n\t\t\t\t\ttitle=\"\u0136eguma iela 50, Vidzemes priek\u0161pils\u0113ta, Riga, LV-1039\"\n\t\t\t\t\taria-label=\"\u0136eguma iela 50, Vidzemes priek\u0161pils\u0113ta, Riga, LV-1039\"\n\t\t\t><\/iframe>\n\t\t<\/div>\n\t\t\t\t\t\t<\/div>\n\t\t\t\t<\/div>\n\t\t\t\t\t<\/div>\n\t\t<\/div>\n\t\t\t\t<div class=\"elementor-column elementor-col-50 elementor-top-column elementor-element elementor-element-c56ecb7 sc_content_align_inherit sc_layouts_column_icons_position_left sc_fly_static\" data-id=\"c56ecb7\" data-element_type=\"column\" data-settings=\"{&quot;background_background&quot;:&quot;classic&quot;}\">\n\t\t\t<div class=\"elementor-widget-wrap elementor-element-populated\">\n\t\t\t\t\t\t<div class=\"elementor-element elementor-element-a37ccf2 sc_height_small sc_layouts_hide_on_tablet sc_layouts_hide_on_mobile sc_fly_static elementor-widget elementor-widget-spacer\" data-id=\"a37ccf2\" data-element_type=\"widget\" data-widget_type=\"spacer.default\">\n\t\t\t\t<div class=\"elementor-widget-container\">\n\t\t\t\t\t\t\t<div class=\"elementor-spacer\">\n\t\t\t<div class=\"elementor-spacer-inner\"><\/div>\n\t\t<\/div>\n\t\t\t\t\t\t<\/div>\n\t\t\t\t<\/div>\n\t\t\t\t<div class=\"elementor-element elementor-element-a3534fb sc_height_huge sc_layouts_hide_on_wide sc_layouts_hide_on_desktop sc_layouts_hide_on_notebook sc_fly_static elementor-widget elementor-widget-spacer\" data-id=\"a3534fb\" data-element_type=\"widget\" data-widget_type=\"spacer.default\">\n\t\t\t\t<div class=\"elementor-widget-container\">\n\t\t\t\t\t\t\t<div class=\"elementor-spacer\">\n\t\t\t<div class=\"elementor-spacer-inner\"><\/div>\n\t\t<\/div>\n\t\t\t\t\t\t<\/div>\n\t\t\t\t<\/div>\n\t\t\t\t<div class=\"elementor-element elementor-element-6c5a2d2 scheme_dark sc_fly_static elementor-widget elementor-widget-trx_sc_title\" data-id=\"6c5a2d2\" data-element_type=\"widget\" data-widget_type=\"trx_sc_title.default\">\n\t\t\t\t<div class=\"elementor-widget-container\">\n\t\t\t\t\t<div\t\tclass=\"sc_title scheme_dark sc_title_default\" ><span class=\"sc_item_subtitle sc_title_subtitle sc_item_subtitle_above sc_item_title_style_default\">Rasajana<\/span><h2 class=\"sc_item_title sc_title_title sc_item_title_style_default\"\n\t\t\t><span class=\"sc_item_title_text\">Ask us a question! <\/span><\/h2><\/div>\t\t\t\t<\/div>\n\t\t\t\t<\/div>\n\t\t\t\t<div class=\"elementor-element elementor-element-5d1203b sc_fly_static elementor-widget elementor-widget-spacer\" data-id=\"5d1203b\" data-element_type=\"widget\" data-widget_type=\"spacer.default\">\n\t\t\t\t<div class=\"elementor-widget-container\">\n\t\t\t\t\t\t\t<div class=\"elementor-spacer\">\n\t\t\t<div class=\"elementor-spacer-inner\"><\/div>\n\t\t<\/div>\n\t\t\t\t\t\t<\/div>\n\t\t\t\t<\/div>\n\t\t\t\t<div class=\"elementor-element elementor-element-63b89f3 scheme_dark sc_fly_static elementor-widget elementor-widget-trx_sc_contact_form_7\" data-id=\"63b89f3\" data-element_type=\"widget\" data-widget_type=\"trx_sc_contact_form_7.default\">\n\t\t\t\t<div class=\"elementor-widget-container\">\n\t\t\t\t\t\n<div class=\"wpcf7 no-js\" id=\"wpcf7-f1266-o1\" lang=\"en-US\" dir=\"ltr\" data-wpcf7-id=\"1266\">\n<div class=\"screen-reader-response\"><p role=\"status\" aria-live=\"polite\" aria-atomic=\"true\"><\/p> <ul><\/ul><\/div>\n<form action=\"\/en\/wp-json\/wp\/v2\/pages\/1449#wpcf7-f1266-o1\" method=\"post\" class=\"wpcf7-form init\" aria-label=\"Contact form\" novalidate=\"novalidate\" data-status=\"init\" data-trp-original-action=\"\/en\/wp-json\/wp\/v2\/pages\/1449#wpcf7-f1266-o1\">\n<fieldset class=\"hidden-fields-container\"><input type=\"hidden\" name=\"_wpcf7\" value=\"1266\" \/><input type=\"hidden\" name=\"_wpcf7_version\" value=\"6.1.5\" \/><input type=\"hidden\" name=\"_wpcf7_locale\" value=\"en_US\" \/><input type=\"hidden\" name=\"_wpcf7_unit_tag\" value=\"wpcf7-f1266-o1\" \/><input type=\"hidden\" name=\"_wpcf7_container_post\" value=\"0\" \/><input type=\"hidden\" name=\"_wpcf7_posted_data_hash\" value=\"\" \/><input type=\"hidden\" name=\"_wpcf7_recaptcha_response\" value=\"\" \/>\n<\/fieldset>\n<div class=\"form-style-2\">\n\n<div class=\"columns_wrap\">\n<div class=\"column-1_2\"><span class=\"style-line\"><span class=\"wpcf7-form-control-wrap\" data-name=\"your-name\"><input size=\"40\" maxlength=\"400\" class=\"wpcf7-form-control wpcf7-text wpcf7-validates-as-required\" aria-required=\"true\" aria-invalid=\"false\" placeholder=\"Name\" value=\"\" type=\"text\" name=\"your-name\" \/><\/span><\/span><\/div>\n<div class=\"column-1_2\"><span class=\"style-line\"><span class=\"wpcf7-form-control-wrap\" data-name=\"your-last-name\"><input size=\"40\" maxlength=\"400\" class=\"wpcf7-form-control wpcf7-text wpcf7-validates-as-required\" aria-required=\"true\" aria-invalid=\"false\" placeholder=\"Surname\" value=\"\" type=\"text\" name=\"your-last-name\" \/><\/span><\/span><\/div>\n<\/div>\n\n<div class=\"columns_wrap\">\n<div class=\"column-1_2\"><span class=\"style-line\"><span class=\"wpcf7-form-control-wrap\" data-name=\"your-email\"><input size=\"40\" maxlength=\"400\" class=\"wpcf7-form-control wpcf7-email wpcf7-validates-as-required wpcf7-text wpcf7-validates-as-email\" aria-required=\"true\" aria-invalid=\"false\" placeholder=\"E-mail\" value=\"\" type=\"email\" name=\"your-email\" \/><\/span><\/span><\/div>\n<div class=\"column-1_2\"><span class=\"style-line\"><span class=\"wpcf7-form-control-wrap\" data-name=\"phone\"><input size=\"40\" maxlength=\"400\" class=\"wpcf7-form-control wpcf7-tel wpcf7-validates-as-required wpcf7-text wpcf7-validates-as-tel\" aria-required=\"true\" aria-invalid=\"false\" placeholder=\"Telephone\" value=\"\" type=\"tel\" name=\"phone\" \/><\/span><\/span><\/div>\n<\/div>\n\n<div class=\"columns_wrap margin-bottom\">\n<div class=\"column-1_1\"><span class=\"style-line\"><span class=\"wpcf7-form-control-wrap\" data-name=\"your-message\"><textarea cols=\"40\" rows=\"10\" maxlength=\"2000\" class=\"wpcf7-form-control wpcf7-textarea wpcf7-validates-as-required\" aria-required=\"true\" aria-invalid=\"false\" placeholder=\"Message\" name=\"your-message\"><\/textarea><\/span><\/span><\/div>\n<\/div>\n\n<input class=\"wpcf7-form-control wpcf7-submit has-spinner\" type=\"submit\" value=\"Send\" \/>\n<\/div><div class=\"wpcf7-response-output\" aria-hidden=\"true\"><\/div>\n<input type=\"hidden\" name=\"trp-form-language\" value=\"en\"\/><\/form>\n<\/div>\n\t\t\t\t<\/div>\n\t\t\t\t<\/div>\n\t\t\t\t<div class=\"elementor-element elementor-element-b0b5976 sc_height_small sc_layouts_hide_on_tablet sc_layouts_hide_on_mobile sc_fly_static elementor-widget elementor-widget-spacer\" data-id=\"b0b5976\" data-element_type=\"widget\" data-widget_type=\"spacer.default\">\n\t\t\t\t<div class=\"elementor-widget-container\">\n\t\t\t\t\t\t\t<div class=\"elementor-spacer\">\n\t\t\t<div class=\"elementor-spacer-inner\"><\/div>\n\t\t<\/div>\n\t\t\t\t\t\t<\/div>\n\t\t\t\t<\/div>\n\t\t\t\t<div class=\"elementor-element elementor-element-f376d21 sc_height_huge sc_layouts_hide_on_wide sc_layouts_hide_on_desktop sc_layouts_hide_on_notebook sc_fly_static elementor-widget elementor-widget-spacer\" data-id=\"f376d21\" data-element_type=\"widget\" data-widget_type=\"spacer.default\">\n\t\t\t\t<div class=\"elementor-widget-container\">\n\t\t\t\t\t\t\t<div class=\"elementor-spacer\">\n\t\t\t<div class=\"elementor-spacer-inner\"><\/div>\n\t\t<\/div>\n\t\t\t\t\t\t<\/div>\n\t\t\t\t<\/div>\n\t\t\t\t\t<\/div>\n\t\t<\/div>\n\t\t\t\t\t<\/div>\n\t\t<\/section>\n\t\t\t\t<\/div>","protected":false},"excerpt":{"rendered":"<p>\u041e \u043d\u0430\u0441 \u041c\u044b \u0440\u0430\u0431\u043e\u0442\u0430\u0435\u043c \u0432 \u0420\u0438\u0433\u0435 \u0438 \u043f\u0440\u0435\u0434\u043b\u0430\u0433\u0430\u0435\u043c \u0446\u0435\u043b\u043e\u0441\u0442\u043d\u044b\u0439 \u043f\u0443\u0442\u044c \u043a \u0432\u043e\u0441\u0441\u0442\u0430\u043d\u043e\u0432\u043b\u0435\u043d\u0438\u044e \u0438 \u0443\u043a\u0440\u0435\u043f\u043b\u0435\u043d\u0438\u044e \u043e\u0440\u0433\u0430\u043d\u0438\u0437\u043c\u0430&hellip;<\/p>","protected":false},"author":1,"featured_media":0,"parent":0,"menu_order":0,"comment_status":"closed","ping_status":"closed","template":"","meta":{"footnotes":""},"class_list":["post-1449","page","type-page","status-publish","hentry"],"_hostinger_reach_plugin_has_subscription_block":false,"_hostinger_reach_plugin_is_elementor":false,"_links":{"self":[{"href":"https:\/\/rasajana.lv\/en\/wp-json\/wp\/v2\/pages\/1449","targetHints":{"allow":["GET"]}}],"collection":[{"href":"https:\/\/rasajana.lv\/en\/wp-json\/wp\/v2\/pages"}],"about":[{"href":"https:\/\/rasajana.lv\/en\/wp-json\/wp\/v2\/types\/page"}],"author":[{"embeddable":true,"href":"https:\/\/rasajana.lv\/en\/wp-json\/wp\/v2\/users\/1"}],"replies":[{"embeddable":true,"href":"https:\/\/rasajana.lv\/en\/wp-json\/wp\/v2\/comments?post=1449"}],"version-history":[{"count":34,"href":"https:\/\/rasajana.lv\/en\/wp-json\/wp\/v2\/pages\/1449\/revisions"}],"predecessor-version":[{"id":24774,"href":"https:\/\/rasajana.lv\/en\/wp-json\/wp\/v2\/pages\/1449\/revisions\/24774"}],"wp:attachment":[{"href":"https:\/\/rasajana.lv\/en\/wp-json\/wp\/v2\/media?parent=1449"}],"curies":[{"name":"wp","href":"https:\/\/api.w.org\/{rel}","templated":true}]}}