{"id":23637,"date":"2025-10-14T13:05:05","date_gmt":"2025-10-14T13:05:05","guid":{"rendered":"https:\/\/rasajana.lv\/?page_id=23637"},"modified":"2025-10-14T13:47:04","modified_gmt":"2025-10-14T13:47:04","slug":"sertifikati","status":"publish","type":"page","link":"https:\/\/rasajana.lv\/lv\/sertifikati\/","title":{"rendered":"Sertifik\u0101ti"},"content":{"rendered":"<div data-elementor-type=\"wp-page\" data-elementor-id=\"23637\" class=\"elementor elementor-23637\" data-elementor-post-type=\"page\">\n\t\t\t\t\t\t<section class=\"elementor-section elementor-top-section elementor-element elementor-element-a9106af elementor-section-boxed elementor-section-height-default elementor-section-height-default sc_fly_static\" data-id=\"a9106af\" data-element_type=\"section\">\n\t\t\t\t\t\t<div class=\"elementor-container elementor-column-gap-extended\">\n\t\t\t\t\t<div class=\"elementor-column elementor-col-100 elementor-top-column elementor-element elementor-element-f061971 sc_content_align_inherit sc_layouts_column_icons_position_left sc_fly_static\" data-id=\"f061971\" data-element_type=\"column\">\n\t\t\t<div class=\"elementor-widget-wrap elementor-element-populated\">\n\t\t\t\t\t\t<div class=\"elementor-element elementor-element-a243950 sc_fly_static elementor-widget elementor-widget-trx_sc_title\" data-id=\"a243950\" data-element_type=\"widget\" data-widget_type=\"trx_sc_title.default\">\n\t\t\t\t<div class=\"elementor-widget-container\">\n\t\t\t\t\t<div\t\tclass=\"sc_title sc_title_decoration\" ><span class=\"sc_item_subtitle sc_title_subtitle sc_align_center sc_item_subtitle_above sc_item_title_style_decoration\">Rasajana<\/span><h2 class=\"sc_item_title sc_title_title sc_align_center sc_item_title_style_decoration\"\n\t\t\t><span class=\"sc_item_title_text\">M\u016bsu sertifik\u0101ti<\/span><\/h2><\/div>\t\t\t\t<\/div>\n\t\t\t\t<\/div>\n\t\t\t\t<div class=\"elementor-element elementor-element-7aa0f9f sc_height_small sc_fly_static elementor-widget elementor-widget-spacer\" data-id=\"7aa0f9f\" data-element_type=\"widget\" data-widget_type=\"spacer.default\">\n\t\t\t\t<div class=\"elementor-widget-container\">\n\t\t\t\t\t\t\t<div class=\"elementor-spacer\">\n\t\t\t<div class=\"elementor-spacer-inner\"><\/div>\n\t\t<\/div>\n\t\t\t\t\t\t<\/div>\n\t\t\t\t<\/div>\n\t\t\t\t<div class=\"elementor-element elementor-element-e6e0998 sc_fly_static elementor-widget elementor-widget-gallery\" data-id=\"e6e0998\" data-element_type=\"widget\" data-settings=\"{&quot;gallery_layout&quot;:&quot;masonry&quot;,&quot;columns&quot;:2,&quot;gap&quot;:{&quot;unit&quot;:&quot;px&quot;,&quot;size&quot;:100,&quot;sizes&quot;:[]},&quot;lazyload&quot;:&quot;yes&quot;,&quot;columns_tablet&quot;:2,&quot;columns_mobile&quot;:1,&quot;gap_tablet&quot;:{&quot;unit&quot;:&quot;px&quot;,&quot;size&quot;:10,&quot;sizes&quot;:[]},&quot;gap_mobile&quot;:{&quot;unit&quot;:&quot;px&quot;,&quot;size&quot;:10,&quot;sizes&quot;:[]},&quot;link_to&quot;:&quot;file&quot;,&quot;overlay_background&quot;:&quot;yes&quot;,&quot;content_hover_animation&quot;:&quot;fade-in&quot;}\" data-widget_type=\"gallery.default\">\n\t\t\t\t<div class=\"elementor-widget-container\">\n\t\t\t\t\t\t\t<div class=\"elementor-gallery__container\">\n\t\t\t\t\t\t\t<a class=\"e-gallery-item elementor-gallery-item elementor-animated-content\" href=\"https:\/\/rasajana.lv\/wp-content\/uploads\/2025\/10\/sertifikats-anatomy-of-aging.png\" data-elementor-open-lightbox=\"yes\" data-elementor-lightbox-slideshow=\"e6e0998\" data-elementor-lightbox-title=\"sertifikats-anatomy-of-aging\" data-e-action-hash=\"#elementor-action%3Aaction%3Dlightbox%26settings%3DeyJpZCI6MjM2NTgsInVybCI6Imh0dHBzOlwvXC9yYXNhamFuYS5sdlwvd3AtY29udGVudFwvdXBsb2Fkc1wvMjAyNVwvMTBcL3NlcnRpZmlrYXRzLWFuYXRvbXktb2YtYWdpbmcucG5nIiwic2xpZGVzaG93IjoiZTZlMDk5OCJ9\">\n\t\t\t\t\t<div class=\"e-gallery-image elementor-gallery-item__image\" data-thumbnail=\"https:\/\/rasajana.lv\/wp-content\/uploads\/2025\/10\/sertifikats-anatomy-of-aging.png\" data-width=\"1293\" data-height=\"885\" aria-label=\"Sertifik\u0101ti kursam &quot;Noveco\u0161anas anatomija&quot;&quot;\" role=\"img\" ><\/div>\n\t\t\t\t\t\t\t\t\t\t\t<div class=\"elementor-gallery-item__overlay\"><\/div>\n\t\t\t\t\t\t\t\t\t\t\t\t\t\t<\/a>\n\t\t\t\t\t\t\t<a class=\"e-gallery-item elementor-gallery-item elementor-animated-content\" href=\"https:\/\/rasajana.lv\/wp-content\/uploads\/2025\/10\/sertifikats-ajurvedas-campi-rotated.jpg\" data-elementor-open-lightbox=\"yes\" data-elementor-lightbox-slideshow=\"e6e0998\" data-elementor-lightbox-title=\"sertifikats-ajurvedas-campi\" data-e-action-hash=\"#elementor-action%3Aaction%3Dlightbox%26settings%3DeyJpZCI6MjM2NTksInVybCI6Imh0dHBzOlwvXC9yYXNhamFuYS5sdlwvd3AtY29udGVudFwvdXBsb2Fkc1wvMjAyNVwvMTBcL3NlcnRpZmlrYXRzLWFqdXJ2ZWRhcy1jYW1waS1yb3RhdGVkLmpwZyIsInNsaWRlc2hvdyI6ImU2ZTA5OTgifQ%3D%3D\">\n\t\t\t\t\t<div class=\"e-gallery-image elementor-gallery-item__image\" data-thumbnail=\"https:\/\/rasajana.lv\/wp-content\/uploads\/2025\/10\/sertifikats-ajurvedas-campi-rotated.jpg\" data-width=\"2338\" data-height=\"1654\" aria-label=\"Sertifik\u0101ts par \u0100jurv\u0113das \u010campi mas\u0101\u017eas kursu\" role=\"img\" ><\/div>\n\t\t\t\t\t\t\t\t\t\t\t<div class=\"elementor-gallery-item__overlay\"><\/div>\n\t\t\t\t\t\t\t\t\t\t\t\t\t\t<\/a>\n\t\t\t\t\t\t\t<a class=\"e-gallery-item elementor-gallery-item elementor-animated-content\" href=\"https:\/\/rasajana.lv\/wp-content\/uploads\/2025\/10\/sertifikats-kosmoenerget.jpg\" data-elementor-open-lightbox=\"yes\" data-elementor-lightbox-slideshow=\"e6e0998\" data-elementor-lightbox-title=\"sertifikats-kosmoenerget\" data-e-action-hash=\"#elementor-action%3Aaction%3Dlightbox%26settings%3DeyJpZCI6MjM2NjAsInVybCI6Imh0dHBzOlwvXC9yYXNhamFuYS5sdlwvd3AtY29udGVudFwvdXBsb2Fkc1wvMjAyNVwvMTBcL3NlcnRpZmlrYXRzLWtvc21vZW5lcmdldC5qcGciLCJzbGlkZXNob3ciOiJlNmUwOTk4In0%3D\">\n\t\t\t\t\t<div class=\"e-gallery-image elementor-gallery-item__image\" data-thumbnail=\"https:\/\/rasajana.lv\/wp-content\/uploads\/2025\/10\/sertifikats-kosmoenerget.jpg\" data-width=\"1654\" data-height=\"2338\" aria-label=\"Sertifik\u0101ts par Kosmoener\u0123\u0113tikas dziedniec\u012bbu praks\u0113\" role=\"img\" ><\/div>\n\t\t\t\t\t\t\t\t\t\t\t<div class=\"elementor-gallery-item__overlay\"><\/div>\n\t\t\t\t\t\t\t\t\t\t\t\t\t\t<\/a>\n\t\t\t\t\t\t\t<a class=\"e-gallery-item elementor-gallery-item elementor-animated-content\" href=\"https:\/\/rasajana.lv\/wp-content\/uploads\/2025\/10\/sertifikats-reiki.jpg\" data-elementor-open-lightbox=\"yes\" data-elementor-lightbox-slideshow=\"e6e0998\" data-elementor-lightbox-title=\"sertifikats-reiki\" data-e-action-hash=\"#elementor-action%3Aaction%3Dlightbox%26settings%3DeyJpZCI6MjM2NjEsInVybCI6Imh0dHBzOlwvXC9yYXNhamFuYS5sdlwvd3AtY29udGVudFwvdXBsb2Fkc1wvMjAyNVwvMTBcL3NlcnRpZmlrYXRzLXJlaWtpLmpwZyIsInNsaWRlc2hvdyI6ImU2ZTA5OTgifQ%3D%3D\">\n\t\t\t\t\t<div class=\"e-gallery-image elementor-gallery-item__image\" data-thumbnail=\"https:\/\/rasajana.lv\/wp-content\/uploads\/2025\/10\/sertifikats-reiki.jpg\" data-width=\"1654\" data-height=\"2338\" aria-label=\"Sertifik\u0101ts Reiki\" role=\"img\" ><\/div>\n\t\t\t\t\t\t\t\t\t\t\t<div class=\"elementor-gallery-item__overlay\"><\/div>\n\t\t\t\t\t\t\t\t\t\t\t\t\t\t<\/a>\n\t\t\t\t\t\t\t<a class=\"e-gallery-item elementor-gallery-item elementor-animated-content\" href=\"https:\/\/rasajana.lv\/wp-content\/uploads\/2025\/10\/sertifikats-sambahana-marma-cikitsa-rotated.jpg\" data-elementor-open-lightbox=\"yes\" data-elementor-lightbox-slideshow=\"e6e0998\" data-elementor-lightbox-title=\"sertifikats-sambahana-marma-cikitsa\" data-e-action-hash=\"#elementor-action%3Aaction%3Dlightbox%26settings%3DeyJpZCI6MjM2NjIsInVybCI6Imh0dHBzOlwvXC9yYXNhamFuYS5sdlwvd3AtY29udGVudFwvdXBsb2Fkc1wvMjAyNVwvMTBcL3NlcnRpZmlrYXRzLXNhbWJhaGFuYS1tYXJtYS1jaWtpdHNhLXJvdGF0ZWQuanBnIiwic2xpZGVzaG93IjoiZTZlMDk5OCJ9\">\n\t\t\t\t\t<div class=\"e-gallery-image elementor-gallery-item__image\" data-thumbnail=\"https:\/\/rasajana.lv\/wp-content\/uploads\/2025\/10\/sertifikats-sambahana-marma-cikitsa-rotated.jpg\" data-width=\"2338\" data-height=\"1654\" aria-label=\"Sertifik\u0101ts par \u0100jurv\u0113das Sambahanas un Marmas \u010cikitsas mas\u0101\u017eas\" role=\"img\" ><\/div>\n\t\t\t\t\t\t\t\t\t\t\t<div class=\"elementor-gallery-item__overlay\"><\/div>\n\t\t\t\t\t\t\t\t\t\t\t\t\t\t<\/a>\n\t\t\t\t\t<\/div>\n\t\t\t\t\t<\/div>\n\t\t\t\t<\/div>\n\t\t\t\t\t<\/div>\n\t\t<\/div>\n\t\t\t\t\t<\/div>\n\t\t<\/section>\n\t\t\t\t<\/div>","protected":false},"excerpt":{"rendered":"<p>Rasajana \u041d\u0430\u0448\u0438 \u0441\u0435\u0440\u0442\u0438\u0444\u0438\u043a\u0430\u0442\u044b<\/p>","protected":false},"author":2,"featured_media":0,"parent":0,"menu_order":0,"comment_status":"closed","ping_status":"closed","template":"","meta":{"footnotes":""},"class_list":["post-23637","page","type-page","status-publish","hentry"],"_hostinger_reach_plugin_has_subscription_block":false,"_hostinger_reach_plugin_is_elementor":false,"_links":{"self":[{"href":"https:\/\/rasajana.lv\/lv\/wp-json\/wp\/v2\/pages\/23637","targetHints":{"allow":["GET"]}}],"collection":[{"href":"https:\/\/rasajana.lv\/lv\/wp-json\/wp\/v2\/pages"}],"about":[{"href":"https:\/\/rasajana.lv\/lv\/wp-json\/wp\/v2\/types\/page"}],"author":[{"embeddable":true,"href":"https:\/\/rasajana.lv\/lv\/wp-json\/wp\/v2\/users\/2"}],"replies":[{"embeddable":true,"href":"https:\/\/rasajana.lv\/lv\/wp-json\/wp\/v2\/comments?post=23637"}],"version-history":[{"count":8,"href":"https:\/\/rasajana.lv\/lv\/wp-json\/wp\/v2\/pages\/23637\/revisions"}],"predecessor-version":[{"id":23668,"href":"https:\/\/rasajana.lv\/lv\/wp-json\/wp\/v2\/pages\/23637\/revisions\/23668"}],"wp:attachment":[{"href":"https:\/\/rasajana.lv\/lv\/wp-json\/wp\/v2\/media?parent=23637"}],"curies":[{"name":"wp","href":"https:\/\/api.w.org\/{rel}","templated":true}]}}